{"id":91,"date":"2025-02-27T17:27:48","date_gmt":"2025-02-27T16:27:48","guid":{"rendered":"https:\/\/randodecouverteamitie.wordpress.com\/?page_id=91"},"modified":"2025-08-30T14:49:58","modified_gmt":"2025-08-30T14:49:58","slug":"adhesion-2","status":"publish","type":"page","link":"https:\/\/randodecouverteamitie.fr\/index.php\/adhesion-2\/","title":{"rendered":"Adh\u00e9sion"},"content":{"rendered":"\n<p class=\"has-white-color has-text-color has-link-color wp-elements-7119e75bac2bb8d8d5ffb0000631b8d3\"><strong>Rejoignez-nous, c&rsquo;est simple comme bonjour !<\/strong><\/p>\n\n\n\n<p class=\"has-white-color has-text-color has-link-color wp-elements-fe09dd014b2575acf1fa847e04d42bd9\">Vous avez envie de partager votre passion pour la marche, de d\u00e9couvrir des paysages magnifiques et de faire de nouvelles rencontres ? Alors, n&rsquo;h\u00e9sitez plus ! L&rsquo;inscription \u00e0 notre association est un jeu d&rsquo;enfant :<\/p>\n\n\n\n<p class=\"has-white-color has-text-color has-link-color wp-elements-235712198bbdcd7f51aaa15b8ad66467\"><strong>Votre passeport pour l&rsquo;aventure en quelques \u00e9tapes :<\/strong><\/p>\n\n\n\n<ul class=\"wp-block-list\">\n<li class=\"has-white-color has-text-color has-link-color wp-elements-de89980c7a3c96d00fab77e0bfeb6f03\"><strong>\u00c9tape 1 : compl\u00e9tez votre bulletin d&rsquo;adh\u00e9sion.<\/strong> Rien de compliqu\u00e9, il suffit de remplir soigneusement le formulaire et de joindre le montant de votre cotisation.<\/li>\n\n\n\n<li class=\"has-white-color has-text-color has-link-color wp-elements-441462f7e731d5391b932db8fef689d8\"><strong>\u00c9tape 2 : fournissez votre certificat m\u00e9dical.<\/strong> Pour votre s\u00e9curit\u00e9 et celle du groupe, un certificat m\u00e9dical de non-contre-indication \u00e0 la randonn\u00e9e p\u00e9destre est n\u00e9cessaire.<\/li>\n\n\n\n<li class=\"has-white-color has-text-color has-link-color wp-elements-1318171b8ab6c64e992a44070f04f9ca\"><strong>Cas particulier : votre certificat a moins de trois ans ?<\/strong> Pas de souci ! Il vous suffit de fournir l&rsquo;<strong>attestation de r\u00e9ponse au questionnaire de sant\u00e9 lors du renouvellement de licence (obligatoire)<\/strong>.<\/li>\n\n\n\n<li class=\"has-white-color has-text-color has-link-color wp-elements-2d5bee7c9215fc491958b02533fc54c1\"><strong>\u00c9tape 3 : votre engagement.<\/strong> En adh\u00e9rant, vous vous engagez \u00e0 \u00eatre correctement \u00e9quip\u00e9(e) pour profiter pleinement de chaque sortie.<\/li>\n\n\n\n<li class=\"has-white-color has-text-color has-link-color wp-elements-1089a3cd246553890383a9988636de34\"><strong>\u00c9tape 4 : respectons ensemble l&rsquo;esprit de notre association.<\/strong> Votre adh\u00e9sion implique l&rsquo;acceptation et le respect des r\u00e8gles d\u00e9finies dans nos statuts et notre r\u00e8glement int\u00e9rieur.<\/li>\n<\/ul>\n\n\n\n<p class=\"has-white-color has-text-color has-link-color wp-elements-4a32f93dd33fe90d3883b0f6e5e703d3\"><strong>Envie de tester avant de vous lancer ?<\/strong><\/p>\n\n\n\n<p class=\"has-white-color has-text-color has-link-color wp-elements-15a79b092a4469d9e07069cb165bee66\">Vous h\u00e9sitez encore ? C&rsquo;est normal ! Nous vous offrons la possibilit\u00e9 de participer \u00e0 une ou deux sorties d&rsquo;essai avant de prendre votre d\u00e9cision. Venez d\u00e9couvrir l&rsquo;ambiance conviviale de notre groupe !<\/p>\n\n\n\n<p class=\"has-white-color has-text-color has-link-color wp-elements-a4fe5b98da04ed31018a4fcc5894c238\"><strong>Important :<\/strong> pour continuer \u00e0 profiter de nos randonn\u00e9es avec les adh\u00e9rents, l&rsquo;adh\u00e9sion est n\u00e9cessaire.<\/p>\n\n\n<div class=\"wp-block-image\">\n<figure class=\"aligncenter size-large is-resized\"><img decoding=\"async\" src=\"http:\/\/randodecouverteamitie.fr\/wp-content\/uploads\/2025\/05\/fleche-edited-1.jpg\" alt=\"\" class=\"wp-image-158\" style=\"width:284px;height:auto\"\/><\/figure>\n<\/div>\n\n\n<figure class=\"wp-block-table is-style-regular\"><table class=\"has-fixed-layout\"><tbody><tr><td><a href=\"http:\/\/randodecouverteamitie.fr\/wp-content\/uploads\/2025\/08\/RDA-demande-adh_C3_A9sion_202025.pdf\"><img decoding=\"async\" src=\"http:\/\/randodecouverteamitie.fr\/wp-content\/uploads\/2025\/05\/bouton-bulletin-dadhesion-1.png?w=675\" alt=\"\"><\/a><\/td><td><a href=\"http:\/\/randodecouverteamitie.fr\/wp-content\/uploads\/2025\/08\/W281_Marathon_WEB_FR.pdf\"><img decoding=\"async\" src=\"http:\/\/randodecouverteamitie.fr\/wp-content\/uploads\/2025\/05\/reglement-ffr-1.png?w=675\" alt=\"\"><\/a><\/td><\/tr><tr><td><a href=\"http:\/\/randodecouverteamitie.fr\/wp-content\/uploads\/2025\/08\/certificat_medical_ffr_2015.pdf\"><img decoding=\"async\" src=\"http:\/\/randodecouverteamitie.fr\/wp-content\/uploads\/2025\/05\/certificat-medical-1-2.png?w=675\" alt=\"\"><\/a><\/td><td><a href=\"http:\/\/randodecouverteamitie.fr\/wp-content\/uploads\/2025\/08\/Questionnaire_20de_20Sant_C3_A9_20FFRA.pdf\"><img decoding=\"async\" src=\"http:\/\/randodecouverteamitie.fr\/wp-content\/uploads\/2025\/05\/quest.-sante-1.png?w=675\" alt=\"\"><\/a><\/td><\/tr><tr><td><a href=\"http:\/\/randodecouverteamitie.fr\/wp-content\/uploads\/2025\/08\/RDA_20R_C3_A8glement_20Int_C3_A9rieur_202025.pdf\"><img decoding=\"async\" src=\"http:\/\/randodecouverteamitie.fr\/wp-content\/uploads\/2025\/05\/reglement-interieur.png?w=675\" alt=\"\"><\/a><\/td><td><a href=\"http:\/\/randodecouverteamitie.fr\/wp-content\/uploads\/2025\/08\/Le_20certificat_20m_C3_A9dical_20marche_20-_20Texte_20FFRandonn_C3_A9e.pdf\"><img decoding=\"async\" src=\"http:\/\/randodecouverteamitie.fr\/wp-content\/uploads\/2025\/05\/sante-ffr.png?w=675\" alt=\"\"><\/a><\/td><\/tr><\/tbody><\/table><\/figure>\n\n\n\n<p class=\"has-text-align-justify\"><\/p>\n\n\n\n<h2 class=\"wp-block-heading has-white-color has-text-color has-link-color wp-elements-f4f63240f990357f100f46a5a401dd28\">cotisation<\/h2>\n\n\n\n<p class=\"has-white-color has-text-color has-link-color wp-elements-5a3e48ec14779a979b2d4a6ae5128107\"><strong>Montant de la cotisation 2025-202<\/strong>6<br>Adulte : 40 euros<br>Enfants et \u00e9tudiants : 8 euros<br>Abonnement Passion Rando : 10\u20ac<\/p>\n\n\n\n<div class=\"wp-block-columns is-layout-flex wp-container-core-columns-is-layout-9d6595d7 wp-block-columns-is-layout-flex\">\n<div class=\"wp-block-column is-layout-flow wp-block-column-is-layout-flow\" style=\"flex-basis:100%\"><\/div>\n<\/div>\n\n\n\n<p><\/p>\n","protected":false},"excerpt":{"rendered":"<p>Rejoignez-nous, c&rsquo;est simple comme bonjour ! Vous avez envie de partager votre passion pour la marche, de d\u00e9couvrir des paysages magnifiques et de faire de nouvelles rencontres ? Alors, n&rsquo;h\u00e9sitez plus ! L&rsquo;inscription \u00e0 notre association est un jeu d&rsquo;enfant : Votre passeport pour l&rsquo;aventure en quelques \u00e9tapes : Envie de tester avant de vous &hellip; <a href=\"https:\/\/randodecouverteamitie.fr\/index.php\/adhesion-2\/\" class=\"more-link\">Lire la suite <span class=\"screen-reader-text\">Adh\u00e9sion<\/span><\/a><\/p>\n","protected":false},"author":1,"featured_media":0,"parent":0,"menu_order":0,"comment_status":"closed","ping_status":"closed","template":"","meta":{"footnotes":""},"class_list":["post-91","page","type-page","status-publish","hentry"],"_links":{"self":[{"href":"https:\/\/randodecouverteamitie.fr\/index.php\/wp-json\/wp\/v2\/pages\/91","targetHints":{"allow":["GET"]}}],"collection":[{"href":"https:\/\/randodecouverteamitie.fr\/index.php\/wp-json\/wp\/v2\/pages"}],"about":[{"href":"https:\/\/randodecouverteamitie.fr\/index.php\/wp-json\/wp\/v2\/types\/page"}],"author":[{"embeddable":true,"href":"https:\/\/randodecouverteamitie.fr\/index.php\/wp-json\/wp\/v2\/users\/1"}],"replies":[{"embeddable":true,"href":"https:\/\/randodecouverteamitie.fr\/index.php\/wp-json\/wp\/v2\/comments?post=91"}],"version-history":[{"count":2,"href":"https:\/\/randodecouverteamitie.fr\/index.php\/wp-json\/wp\/v2\/pages\/91\/revisions"}],"predecessor-version":[{"id":323,"href":"https:\/\/randodecouverteamitie.fr\/index.php\/wp-json\/wp\/v2\/pages\/91\/revisions\/323"}],"wp:attachment":[{"href":"https:\/\/randodecouverteamitie.fr\/index.php\/wp-json\/wp\/v2\/media?parent=91"}],"curies":[{"name":"wp","href":"https:\/\/api.w.org\/{rel}","templated":true}]}}