{"id":30,"date":"2025-02-27T15:51:27","date_gmt":"2025-02-27T14:51:27","guid":{"rendered":"https:\/\/randodecouverteamitie.wordpress.com\/?page_id=30"},"modified":"2026-03-16T14:49:01","modified_gmt":"2026-03-16T14:49:01","slug":"le-bureau-et-les-guides","status":"publish","type":"page","link":"https:\/\/randodecouverteamitie.fr\/index.php\/le-bureau-et-les-guides\/","title":{"rendered":"Le bureau et les guides"},"content":{"rendered":"\n<figure class=\"wp-block-table is-style-regular\"><table class=\"has-white-color has-text-color has-link-color has-fixed-layout\"><thead><tr><th colspan=\"2\">Membres du Bureau Coll\u00e9gial<\/th><\/tr><\/thead><tbody><tr><td><a href=\"mailto:cfournier@netc.fr\">Christian<\/a><\/td><td>Co-Pr\u00e9sident<\/td><\/tr><tr><td>Jean<\/td><td>Co-Pr\u00e9sident<\/td><\/tr><tr><td>Gr\u00e9gori<\/td><td>Tr\u00e9sorier<\/td><\/tr><tr><td>Paula<\/td><td>Secr\u00e9taire<\/td><\/tr><tr><td>Nicole<\/td><td>Secr\u00e9taire Adjointe<\/td><\/tr><tr><td>Daniel<\/td><td>Membre du Bureau<\/td><\/tr><tr><td>Catherine<\/td><td>Membre du Bureau<\/td><\/tr><tr><td>Marie-Fran\u00e7oise<\/td><td>Membre du Bureau<\/td><\/tr><tr><td>Bruno<\/td><td>Membre du Bureau<\/td><\/tr><tr><td>Paule<\/td><td>Membre du Bureau<\/td><\/tr><tr><td>Jean-Pierre<\/td><td>Membre du Bureau<\/td><\/tr><\/tbody><\/table><\/figure>\n\n\n\n<figure class=\"wp-block-table is-style-regular\"><table class=\"has-white-color has-text-color has-link-color has-fixed-layout\"><thead><tr><th colspan=\"3\">Animatrices et Animateurs des Randonn\u00e9es<\/th><\/tr><\/thead><tbody><tr><td>Martine<\/td><td>Animatrice<\/td><td>06 15 26 15 26<\/td><\/tr><tr><td>Catherine<\/td><td>Animatrice<\/td><td>06 71 45 60 72<\/td><\/tr><tr><td>Christian<\/td><td>Animateur<\/td><td>06 51 88 59 13<\/td><\/tr><tr><td>Jean-Michel<\/td><td>Animateur<\/td><td>06 66 63 60 12<\/td><\/tr><tr><td>Gr\u00e9gori<\/td><td>Animateur<\/td><td>06 85 17 13 10<\/td><\/tr><tr><td>Herv\u00e9<\/td><td>Animateur<\/td><td>06 58 22 88 12 <\/td><\/tr><tr><td>Jean<\/td><td>Animateur<\/td><td>06 47 95 63 34<\/td><\/tr><tr><td>Bruno<\/td><td>Animateur<\/td><td>06 63 48 19 00<\/td><\/tr><tr><td>Claude<\/td><td>Animateur<\/td><td>06 10 96 76 76<\/td><\/tr><tr><td>Jean-Claude<\/td><td>Animateur<\/td><td>06 31 27 18 95<\/td><\/tr><tr><td>Daniel<\/td><td>Animateur<\/td><td>06 60 90 75 95<\/td><\/tr><\/tbody><\/table><\/figure>\n","protected":false},"excerpt":{"rendered":"<p>Membres du Bureau Coll\u00e9gial Christian Co-Pr\u00e9sident Jean Co-Pr\u00e9sident Gr\u00e9gori Tr\u00e9sorier Paula Secr\u00e9taire Nicole Secr\u00e9taire Adjointe Daniel Membre du Bureau Catherine Membre du Bureau Marie-Fran\u00e7oise Membre du Bureau Bruno Membre du Bureau Paule Membre du Bureau Jean-Pierre Membre du Bureau Animatrices et Animateurs des Randonn\u00e9es Martine Animatrice 06 15 26 15 26 Catherine Animatrice 06 71 &hellip; <a href=\"https:\/\/randodecouverteamitie.fr\/index.php\/le-bureau-et-les-guides\/\" class=\"more-link\">Lire la suite <span class=\"screen-reader-text\">Le bureau et les guides<\/span><\/a><\/p>\n","protected":false},"author":1,"featured_media":0,"parent":0,"menu_order":0,"comment_status":"closed","ping_status":"closed","template":"","meta":{"footnotes":""},"class_list":["post-30","page","type-page","status-publish","hentry"],"_links":{"self":[{"href":"https:\/\/randodecouverteamitie.fr\/index.php\/wp-json\/wp\/v2\/pages\/30","targetHints":{"allow":["GET"]}}],"collection":[{"href":"https:\/\/randodecouverteamitie.fr\/index.php\/wp-json\/wp\/v2\/pages"}],"about":[{"href":"https:\/\/randodecouverteamitie.fr\/index.php\/wp-json\/wp\/v2\/types\/page"}],"author":[{"embeddable":true,"href":"https:\/\/randodecouverteamitie.fr\/index.php\/wp-json\/wp\/v2\/users\/1"}],"replies":[{"embeddable":true,"href":"https:\/\/randodecouverteamitie.fr\/index.php\/wp-json\/wp\/v2\/comments?post=30"}],"version-history":[{"count":10,"href":"https:\/\/randodecouverteamitie.fr\/index.php\/wp-json\/wp\/v2\/pages\/30\/revisions"}],"predecessor-version":[{"id":476,"href":"https:\/\/randodecouverteamitie.fr\/index.php\/wp-json\/wp\/v2\/pages\/30\/revisions\/476"}],"wp:attachment":[{"href":"https:\/\/randodecouverteamitie.fr\/index.php\/wp-json\/wp\/v2\/media?parent=30"}],"curies":[{"name":"wp","href":"https:\/\/api.w.org\/{rel}","templated":true}]}}