{"id":241,"date":"2025-02-27T14:22:45","date_gmt":"2025-02-27T14:22:45","guid":{"rendered":"http:\/\/randodecouverteamitie.wordpress.com\/?page_id=1"},"modified":"2025-08-30T14:30:03","modified_gmt":"2025-08-30T14:30:03","slug":"about","status":"publish","type":"page","link":"https:\/\/randodecouverteamitie.fr\/index.php\/about\/","title":{"rendered":"Qui sommes nous ?"},"content":{"rendered":"\n<figure class=\"wp-block-image size-large\"><img loading=\"lazy\" decoding=\"async\" width=\"1024\" height=\"636\" src=\"http:\/\/randodecouverteamitie.fr\/wp-content\/uploads\/2025\/02\/proxy-image.jpg?w=1024\" alt=\"\" class=\"wp-image-41\" srcset=\"https:\/\/randodecouverteamitie.fr\/wp-content\/uploads\/2025\/02\/proxy-image.jpg 1024w, https:\/\/randodecouverteamitie.fr\/wp-content\/uploads\/2025\/02\/proxy-image-300x186.jpg 300w, https:\/\/randodecouverteamitie.fr\/wp-content\/uploads\/2025\/02\/proxy-image-768x477.jpg 768w\" sizes=\"auto, (max-width: 1024px) 100vw, 1024px\" \/><\/figure>\n\n\n\n<p class=\"has-text-align-justify has-white-color has-text-color has-link-color wp-elements-a834a5bd2794b03563bed7fbbba0fe5a\">L&rsquo;association \u00ab\u00a0Rando D\u00e9couverte et Amiti\u00e9\u00a0\u00bb, fond\u00e9e en 1999, a pour objet de promouvoir la pratique de la randonn\u00e9e p\u00e9destre, voire de disciplines connexes. Elle est adh\u00e9rente \u00e0 la F\u00e9d\u00e9ration fran\u00e7aise de randonn\u00e9e p\u00e9destre et rattach\u00e9e au Coderando 95.<\/p>\n\n\n\n<p class=\"has-text-align-justify has-white-color has-text-color has-link-color wp-elements-07806dc096d2385ed1ca43e21bd45299\">Elle pr\u00f4ne et favorise : une d\u00e9marche citoyenne de protection et de pr\u00e9servation de la nature, le partage d&rsquo;exp\u00e9riences de marche, des rencontres humaines, amicales et solidaires, une int\u00e9gration facile des nouveaux adh\u00e9rents, des temps forts conviviaux\u2026<\/p>\n\n\n\n<p class=\"has-white-color has-text-color has-link-color wp-elements-c645e628e62f8fbab9d9726851472d16\"><\/p>\n","protected":false},"excerpt":{"rendered":"<p>L&rsquo;association \u00ab\u00a0Rando D\u00e9couverte et Amiti\u00e9\u00a0\u00bb, fond\u00e9e en 1999, a pour objet de promouvoir la pratique de la randonn\u00e9e p\u00e9destre, voire de disciplines connexes. Elle est adh\u00e9rente \u00e0 la F\u00e9d\u00e9ration fran\u00e7aise de randonn\u00e9e p\u00e9destre et rattach\u00e9e au Coderando 95. Elle pr\u00f4ne et favorise : une d\u00e9marche citoyenne de protection et de pr\u00e9servation de la nature, le &hellip; <a href=\"https:\/\/randodecouverteamitie.fr\/index.php\/about\/\" class=\"more-link\">Lire la suite <span class=\"screen-reader-text\">Qui sommes nous ?<\/span><\/a><\/p>\n","protected":false},"author":1,"featured_media":0,"parent":0,"menu_order":0,"comment_status":"closed","ping_status":"open","template":"templates\/full-width-page.php","meta":{"footnotes":""},"class_list":["post-241","page","type-page","status-publish","hentry"],"_links":{"self":[{"href":"https:\/\/randodecouverteamitie.fr\/index.php\/wp-json\/wp\/v2\/pages\/241","targetHints":{"allow":["GET"]}}],"collection":[{"href":"https:\/\/randodecouverteamitie.fr\/index.php\/wp-json\/wp\/v2\/pages"}],"about":[{"href":"https:\/\/randodecouverteamitie.fr\/index.php\/wp-json\/wp\/v2\/types\/page"}],"author":[{"embeddable":true,"href":"https:\/\/randodecouverteamitie.fr\/index.php\/wp-json\/wp\/v2\/users\/1"}],"replies":[{"embeddable":true,"href":"https:\/\/randodecouverteamitie.fr\/index.php\/wp-json\/wp\/v2\/comments?post=241"}],"version-history":[{"count":3,"href":"https:\/\/randodecouverteamitie.fr\/index.php\/wp-json\/wp\/v2\/pages\/241\/revisions"}],"predecessor-version":[{"id":310,"href":"https:\/\/randodecouverteamitie.fr\/index.php\/wp-json\/wp\/v2\/pages\/241\/revisions\/310"}],"wp:attachment":[{"href":"https:\/\/randodecouverteamitie.fr\/index.php\/wp-json\/wp\/v2\/media?parent=241"}],"curies":[{"name":"wp","href":"https:\/\/api.w.org\/{rel}","templated":true}]}}