{"id":104,"date":"2025-02-27T17:40:48","date_gmt":"2025-02-27T16:40:48","guid":{"rendered":"https:\/\/randodecouverteamitie.wordpress.com\/?page_id=104"},"modified":"2026-03-29T17:38:51","modified_gmt":"2026-03-29T17:38:51","slug":"les-evenements","status":"publish","type":"page","link":"https:\/\/randodecouverteamitie.fr\/index.php\/les-evenements\/","title":{"rendered":"Les \u00e9v\u00e9nements"},"content":{"rendered":"\n<p class=\"has-text-align-justify has-white-color has-text-color has-link-color wp-elements-6b48b32744654a8cf4584060e0ccdd85\"><strong>Ne manquez pas nos prochains \u00e9v\u00e9nements !<\/strong><\/p>\n\n\n\n<p class=\"has-text-align-justify has-white-color has-text-color has-link-color wp-elements-a0d9645a1980d348942e873fff4070e9\">Retrouvez votre association RDA sur plusieurs \u00e9v\u00e9nements incontournables en septembre 2026 :<\/p>\n\n\n\n<ul class=\"wp-block-list\">\n<li class=\"has-white-color has-text-color has-link-color wp-elements-df89030d277e5a08a190c89d7707cf2d\"><strong>dimanche 6 septembre :<\/strong> Venez nous rencontrer au stand de la Journ\u00e9e des associations d&rsquo;Osny, au stade Christian L\u00e9on.<\/li>\n\n\n\n<li class=\"has-white-color has-text-color has-link-color wp-elements-8cdd3a1b8a4c1b4e339e41079fab7987\"><strong>dimanche 27 septembre :<\/strong> marquez vos calendriers pour la 10\u00e8me \u00e9dition de notre c\u00e9l\u00e8bre Rando Viosne, qui se d\u00e9roulera cette ann\u00e9e dans le magnifique parc du ch\u00e2teau de Grouchy. On vous attend nombreux !<\/li>\n<\/ul>\n\n\n<div class=\"wp-block-image\">\n<figure class=\"aligncenter size-large is-resized\"><img decoding=\"async\" src=\"http:\/\/randodecouverteamitie.fr\/wp-content\/uploads\/2025\/05\/fleche-edited-1.jpg?w=685\" alt=\"\" class=\"wp-image-158\" style=\"width:299px;height:auto\"\/><\/figure>\n<\/div>\n\n\n<figure class=\"wp-block-image size-large\"><img loading=\"lazy\" decoding=\"async\" width=\"724\" height=\"1024\" src=\"https:\/\/randodecouverteamitie.fr\/wp-content\/uploads\/2026\/03\/2026.02.23-VISUEL-RANDO-OSNY-2026-V3-BM-Affiche-portrait-A3-724x1024.jpg\" alt=\"\" class=\"wp-image-470\" srcset=\"https:\/\/randodecouverteamitie.fr\/wp-content\/uploads\/2026\/03\/2026.02.23-VISUEL-RANDO-OSNY-2026-V3-BM-Affiche-portrait-A3-724x1024.jpg 724w, https:\/\/randodecouverteamitie.fr\/wp-content\/uploads\/2026\/03\/2026.02.23-VISUEL-RANDO-OSNY-2026-V3-BM-Affiche-portrait-A3-212x300.jpg 212w, https:\/\/randodecouverteamitie.fr\/wp-content\/uploads\/2026\/03\/2026.02.23-VISUEL-RANDO-OSNY-2026-V3-BM-Affiche-portrait-A3-768x1086.jpg 768w, https:\/\/randodecouverteamitie.fr\/wp-content\/uploads\/2026\/03\/2026.02.23-VISUEL-RANDO-OSNY-2026-V3-BM-Affiche-portrait-A3-1086x1536.jpg 1086w, https:\/\/randodecouverteamitie.fr\/wp-content\/uploads\/2026\/03\/2026.02.23-VISUEL-RANDO-OSNY-2026-V3-BM-Affiche-portrait-A3-685x969.jpg 685w, https:\/\/randodecouverteamitie.fr\/wp-content\/uploads\/2026\/03\/2026.02.23-VISUEL-RANDO-OSNY-2026-V3-BM-Affiche-portrait-A3.jpg 1414w\" sizes=\"auto, (max-width: 724px) 100vw, 724px\" \/><\/figure>\n\n\n\n<figure class=\"wp-block-gallery has-nested-images columns-default is-cropped wp-block-gallery-1 is-layout-flex wp-block-gallery-is-layout-flex\">\n<figure class=\"wp-block-image size-full\"><a href=\"https:\/\/randodecouverteamitie.fr\/wp-content\/uploads\/2026\/03\/Val-de-Viosne-2026-6.8-km.jpg\"><img loading=\"lazy\" decoding=\"async\" width=\"1884\" height=\"1122\" data-id=\"477\" src=\"https:\/\/randodecouverteamitie.fr\/wp-content\/uploads\/2026\/03\/Val-de-Viosne-2026-6.8-km.jpg\" alt=\"\" class=\"wp-image-477\" srcset=\"https:\/\/randodecouverteamitie.fr\/wp-content\/uploads\/2026\/03\/Val-de-Viosne-2026-6.8-km.jpg 1884w, https:\/\/randodecouverteamitie.fr\/wp-content\/uploads\/2026\/03\/Val-de-Viosne-2026-6.8-km-300x179.jpg 300w, https:\/\/randodecouverteamitie.fr\/wp-content\/uploads\/2026\/03\/Val-de-Viosne-2026-6.8-km-1024x610.jpg 1024w, https:\/\/randodecouverteamitie.fr\/wp-content\/uploads\/2026\/03\/Val-de-Viosne-2026-6.8-km-768x457.jpg 768w, https:\/\/randodecouverteamitie.fr\/wp-content\/uploads\/2026\/03\/Val-de-Viosne-2026-6.8-km-1536x915.jpg 1536w, https:\/\/randodecouverteamitie.fr\/wp-content\/uploads\/2026\/03\/Val-de-Viosne-2026-6.8-km-685x408.jpg 685w\" sizes=\"auto, (max-width: 1884px) 100vw, 1884px\" \/><\/a><figcaption class=\"wp-element-caption\">7 Km<\/figcaption><\/figure>\n\n\n\n<figure class=\"wp-block-image size-full\"><a href=\"https:\/\/randodecouverteamitie.fr\/wp-content\/uploads\/2026\/03\/Val-de-Viosne-2026-16.7-km.jpg\"><img loading=\"lazy\" decoding=\"async\" width=\"1882\" height=\"1121\" data-id=\"478\" src=\"https:\/\/randodecouverteamitie.fr\/wp-content\/uploads\/2026\/03\/Val-de-Viosne-2026-16.7-km.jpg\" alt=\"\" class=\"wp-image-478\" srcset=\"https:\/\/randodecouverteamitie.fr\/wp-content\/uploads\/2026\/03\/Val-de-Viosne-2026-16.7-km.jpg 1882w, https:\/\/randodecouverteamitie.fr\/wp-content\/uploads\/2026\/03\/Val-de-Viosne-2026-16.7-km-300x179.jpg 300w, https:\/\/randodecouverteamitie.fr\/wp-content\/uploads\/2026\/03\/Val-de-Viosne-2026-16.7-km-1024x610.jpg 1024w, https:\/\/randodecouverteamitie.fr\/wp-content\/uploads\/2026\/03\/Val-de-Viosne-2026-16.7-km-768x457.jpg 768w, https:\/\/randodecouverteamitie.fr\/wp-content\/uploads\/2026\/03\/Val-de-Viosne-2026-16.7-km-1536x915.jpg 1536w, https:\/\/randodecouverteamitie.fr\/wp-content\/uploads\/2026\/03\/Val-de-Viosne-2026-16.7-km-685x408.jpg 685w\" sizes=\"auto, (max-width: 1882px) 100vw, 1882px\" \/><\/a><figcaption class=\"wp-element-caption\">               16 Km<\/figcaption><\/figure>\n<\/figure>\n\n\n\n<figure class=\"wp-block-gallery has-nested-images columns-default is-cropped wp-block-gallery-2 is-layout-flex wp-block-gallery-is-layout-flex\">\n<figure class=\"wp-block-image size-full is-resized\"><a href=\"https:\/\/randodecouverteamitie.fr\/wp-content\/uploads\/2026\/03\/Val-de-Viosne-2026-23-km.jpg\"><img loading=\"lazy\" decoding=\"async\" width=\"1883\" height=\"1121\" data-id=\"479\" src=\"https:\/\/randodecouverteamitie.fr\/wp-content\/uploads\/2026\/03\/Val-de-Viosne-2026-23-km.jpg\" alt=\"\" class=\"wp-image-479\" style=\"object-fit:cover;width:332px;height:auto\" srcset=\"https:\/\/randodecouverteamitie.fr\/wp-content\/uploads\/2026\/03\/Val-de-Viosne-2026-23-km.jpg 1883w, https:\/\/randodecouverteamitie.fr\/wp-content\/uploads\/2026\/03\/Val-de-Viosne-2026-23-km-300x179.jpg 300w, https:\/\/randodecouverteamitie.fr\/wp-content\/uploads\/2026\/03\/Val-de-Viosne-2026-23-km-1024x610.jpg 1024w, https:\/\/randodecouverteamitie.fr\/wp-content\/uploads\/2026\/03\/Val-de-Viosne-2026-23-km-768x457.jpg 768w, https:\/\/randodecouverteamitie.fr\/wp-content\/uploads\/2026\/03\/Val-de-Viosne-2026-23-km-1536x914.jpg 1536w, https:\/\/randodecouverteamitie.fr\/wp-content\/uploads\/2026\/03\/Val-de-Viosne-2026-23-km-685x408.jpg 685w\" sizes=\"auto, (max-width: 1883px) 100vw, 1883px\" \/><\/a><figcaption class=\"wp-element-caption\">               23 Km<\/figcaption><\/figure>\n\n\n\n<figure class=\"wp-block-image size-large is-resized\"><a href=\"https:\/\/randodecouverteamitie.fr\/wp-content\/uploads\/2026\/03\/Val-de-Viosne-2026-30-km-1.jpg\"><img loading=\"lazy\" decoding=\"async\" width=\"1024\" height=\"608\" data-id=\"484\" src=\"https:\/\/randodecouverteamitie.fr\/wp-content\/uploads\/2026\/03\/Val-de-Viosne-2026-30-km-1-1024x608.jpg\" alt=\"\" class=\"wp-image-484\" style=\"object-fit:contain;width:324px;height:auto\" srcset=\"https:\/\/randodecouverteamitie.fr\/wp-content\/uploads\/2026\/03\/Val-de-Viosne-2026-30-km-1-1024x608.jpg 1024w, https:\/\/randodecouverteamitie.fr\/wp-content\/uploads\/2026\/03\/Val-de-Viosne-2026-30-km-1-300x178.jpg 300w, https:\/\/randodecouverteamitie.fr\/wp-content\/uploads\/2026\/03\/Val-de-Viosne-2026-30-km-1-768x456.jpg 768w, https:\/\/randodecouverteamitie.fr\/wp-content\/uploads\/2026\/03\/Val-de-Viosne-2026-30-km-1-1536x912.jpg 1536w, https:\/\/randodecouverteamitie.fr\/wp-content\/uploads\/2026\/03\/Val-de-Viosne-2026-30-km-1-685x407.jpg 685w, https:\/\/randodecouverteamitie.fr\/wp-content\/uploads\/2026\/03\/Val-de-Viosne-2026-30-km-1.jpg 1890w\" sizes=\"auto, (max-width: 1024px) 100vw, 1024px\" \/><\/a><figcaption class=\"wp-element-caption\">30 Km<\/figcaption><\/figure>\n<\/figure>\n\n\n\n<p><\/p>\n","protected":false},"excerpt":{"rendered":"<p>Ne manquez pas nos prochains \u00e9v\u00e9nements ! Retrouvez votre association RDA sur plusieurs \u00e9v\u00e9nements incontournables en septembre 2026 :<\/p>\n","protected":false},"author":1,"featured_media":0,"parent":0,"menu_order":0,"comment_status":"closed","ping_status":"closed","template":"","meta":{"footnotes":""},"class_list":["post-104","page","type-page","status-publish","hentry"],"_links":{"self":[{"href":"https:\/\/randodecouverteamitie.fr\/index.php\/wp-json\/wp\/v2\/pages\/104","targetHints":{"allow":["GET"]}}],"collection":[{"href":"https:\/\/randodecouverteamitie.fr\/index.php\/wp-json\/wp\/v2\/pages"}],"about":[{"href":"https:\/\/randodecouverteamitie.fr\/index.php\/wp-json\/wp\/v2\/types\/page"}],"author":[{"embeddable":true,"href":"https:\/\/randodecouverteamitie.fr\/index.php\/wp-json\/wp\/v2\/users\/1"}],"replies":[{"embeddable":true,"href":"https:\/\/randodecouverteamitie.fr\/index.php\/wp-json\/wp\/v2\/comments?post=104"}],"version-history":[{"count":27,"href":"https:\/\/randodecouverteamitie.fr\/index.php\/wp-json\/wp\/v2\/pages\/104\/revisions"}],"predecessor-version":[{"id":516,"href":"https:\/\/randodecouverteamitie.fr\/index.php\/wp-json\/wp\/v2\/pages\/104\/revisions\/516"}],"wp:attachment":[{"href":"https:\/\/randodecouverteamitie.fr\/index.php\/wp-json\/wp\/v2\/media?parent=104"}],"curies":[{"name":"wp","href":"https:\/\/api.w.org\/{rel}","templated":true}]}}